{"id":6587,"date":"2025-06-11T12:02:41","date_gmt":"2025-06-11T09:02:41","guid":{"rendered":"https:\/\/onnidesign.net\/our-sales-points\/"},"modified":"2025-07-01T08:30:28","modified_gmt":"2025-07-01T05:30:28","slug":"our-sales-points","status":"publish","type":"page","link":"https:\/\/onnidesign.net\/en\/our-sales-points\/","title":{"rendered":"Our Sales Points"},"content":{"rendered":"\t\t<div data-elementor-type=\"wp-page\" data-elementor-id=\"6587\" class=\"elementor elementor-6587 elementor-4591\">\n\t\t\t\t\t\t<section class=\"elementor-section-with-custom-width elementor-section elementor-top-section elementor-element elementor-element-475152f0 elementor-section-full_width elementor-section-height-default elementor-section-height-default sc_fly_static\" data-id=\"475152f0\" data-element_type=\"section\">\n\t\t\t\t\t\t<div class=\"elementor-container elementor-column-gap-default\">\n\t\t\t\t\t<div class=\"elementor-column elementor-col-33 elementor-top-column elementor-element elementor-element-7e3e0103 sc-tablet_inner_width_1_3 sc-mobile_inner_width_1_1 sc-mobile_content_align_center sc_content_align_inherit sc_layouts_column_icons_position_left sc_fly_static\" data-id=\"7e3e0103\" data-element_type=\"column\">\n\t\t\t<div class=\"elementor-widget-wrap elementor-element-populated\">\n\t\t\t\t\t\t<div class=\"elementor-element elementor-element-540d11e7 elementor-position-top sc_fly_static elementor-widget elementor-widget-image-box\" data-id=\"540d11e7\" data-element_type=\"widget\" data-widget_type=\"image-box.default\">\n\t\t\t\t<div class=\"elementor-widget-container\">\n\t\t\t\t\t<div class=\"elementor-image-box-wrapper\"><figure class=\"elementor-image-box-img\"><img decoding=\"async\" width=\"100\" height=\"100\" src=\"https:\/\/onnidesign.net\/wp-content\/uploads\/2025\/06\/Dotconceptstore.jpg\" class=\"attachment-full size-full wp-image-4593\" alt=\"\" srcset=\"https:\/\/onnidesign.net\/wp-content\/uploads\/2025\/06\/Dotconceptstore.jpg 100w, https:\/\/onnidesign.net\/wp-content\/uploads\/2025\/06\/Dotconceptstore-90x90.jpg 90w\" sizes=\"(max-width: 100px) 100vw, 100px\" \/><\/figure><div class=\"elementor-image-box-content\"><h5 class=\"elementor-image-box-title\">Dot Concept Store<\/h5><\/div><\/div>\t\t\t\t<\/div>\n\t\t\t\t<\/div>\n\t\t\t\t\t<\/div>\n\t\t<\/div>\n\t\t\t\t<div class=\"elementor-column elementor-col-33 elementor-top-column elementor-element elementor-element-4166a4bd sc-tablet_inner_width_1_3 sc-mobile_inner_width_1_1 sc-mobile_content_align_center sc_content_align_inherit sc_layouts_column_icons_position_left sc_fly_static\" data-id=\"4166a4bd\" data-element_type=\"column\">\n\t\t\t<div class=\"elementor-widget-wrap elementor-element-populated\">\n\t\t\t\t\t\t<div class=\"elementor-element elementor-element-2bb4736b elementor-position-top sc_fly_static elementor-widget elementor-widget-image-box\" data-id=\"2bb4736b\" data-element_type=\"widget\" data-widget_type=\"image-box.default\">\n\t\t\t\t<div class=\"elementor-widget-container\">\n\t\t\t\t\t<div class=\"elementor-image-box-wrapper\"><figure class=\"elementor-image-box-img\"><img decoding=\"async\" width=\"100\" height=\"100\" src=\"https:\/\/onnidesign.net\/wp-content\/uploads\/2025\/06\/yirmiyedi_kuzguncuk-1.jpg\" class=\"attachment-full size-full wp-image-4594\" alt=\"\" srcset=\"https:\/\/onnidesign.net\/wp-content\/uploads\/2025\/06\/yirmiyedi_kuzguncuk-1.jpg 100w, https:\/\/onnidesign.net\/wp-content\/uploads\/2025\/06\/yirmiyedi_kuzguncuk-1-90x90.jpg 90w\" sizes=\"(max-width: 100px) 100vw, 100px\" \/><\/figure><div class=\"elementor-image-box-content\"><h5 class=\"elementor-image-box-title\">Yirmiyedi Kuzguncuk<\/h5><\/div><\/div>\t\t\t\t<\/div>\n\t\t\t\t<\/div>\n\t\t\t\t\t<\/div>\n\t\t<\/div>\n\t\t\t\t<div class=\"elementor-column elementor-col-33 elementor-top-column elementor-element elementor-element-1b59114a sc-tablet_inner_width_1_3 sc-mobile_inner_width_1_1 sc-mobile_content_align_center sc_content_align_inherit sc_layouts_column_icons_position_left sc_fly_static\" data-id=\"1b59114a\" data-element_type=\"column\">\n\t\t\t<div class=\"elementor-widget-wrap elementor-element-populated\">\n\t\t\t\t\t\t<div class=\"elementor-element elementor-element-7a075ae9 elementor-position-top sc_fly_static elementor-widget elementor-widget-image-box\" data-id=\"7a075ae9\" data-element_type=\"widget\" data-widget_type=\"image-box.default\">\n\t\t\t\t<div class=\"elementor-widget-container\">\n\t\t\t\t\t<div class=\"elementor-image-box-wrapper\"><figure class=\"elementor-image-box-img\"><img decoding=\"async\" width=\"100\" height=\"100\" src=\"https:\/\/onnidesign.net\/wp-content\/uploads\/2025\/06\/ssm.jpg\" class=\"attachment-full size-full wp-image-4595\" alt=\"\" srcset=\"https:\/\/onnidesign.net\/wp-content\/uploads\/2025\/06\/ssm.jpg 100w, https:\/\/onnidesign.net\/wp-content\/uploads\/2025\/06\/ssm-90x90.jpg 90w\" sizes=\"(max-width: 100px) 100vw, 100px\" \/><\/figure><div class=\"elementor-image-box-content\"><h5 class=\"elementor-image-box-title\">Sak\u0131P Sabanc\u0131 Museum<\/h5><\/div><\/div>\t\t\t\t<\/div>\n\t\t\t\t<\/div>\n\t\t\t\t\t<\/div>\n\t\t<\/div>\n\t\t\t\t\t<\/div>\n\t\t<\/section>\n\t\t\t\t<section class=\"elementor-section elementor-top-section elementor-element elementor-element-1988aab2 elementor-section-full_width elementor-section-height-default elementor-section-height-default sc_fly_static\" data-id=\"1988aab2\" data-element_type=\"section\">\n\t\t\t\t\t\t<div class=\"elementor-container elementor-column-gap-default\">\n\t\t\t\t\t<div class=\"elementor-column elementor-col-33 elementor-top-column elementor-element elementor-element-7715805a sc-tablet_inner_width_1_3 sc-mobile_inner_width_1_1 sc-mobile_content_align_center sc-mobile_layouts_column_align_center sc_layouts_column sc_content_align_inherit sc_layouts_column_icons_position_left sc_fly_static\" data-id=\"7715805a\" data-element_type=\"column\">\n\t\t\t<div class=\"elementor-widget-wrap elementor-element-populated\">\n\t\t\t\t\t\t<div class=\"elementor-element elementor-element-aa09014 elementor-position-top sc_fly_static elementor-widget elementor-widget-image-box\" data-id=\"aa09014\" data-element_type=\"widget\" data-widget_type=\"image-box.default\">\n\t\t\t\t<div class=\"elementor-widget-container\">\n\t\t\t\t\t<div class=\"elementor-image-box-wrapper\"><figure class=\"elementor-image-box-img\"><img loading=\"lazy\" decoding=\"async\" width=\"254\" height=\"198\" src=\"https:\/\/onnidesign.net\/wp-content\/uploads\/2025\/06\/erimtan.jpg\" class=\"attachment-full size-full wp-image-4596\" alt=\"\" \/><\/figure><div class=\"elementor-image-box-content\"><h5 class=\"elementor-image-box-title\">Erimtan Archaeology and Art Museum<\/h5><\/div><\/div>\t\t\t\t<\/div>\n\t\t\t\t<\/div>\n\t\t\t\t\t<\/div>\n\t\t<\/div>\n\t\t\t\t<div class=\"elementor-column elementor-col-33 elementor-top-column elementor-element elementor-element-258318b4 sc-tablet_inner_width_1_3 sc-mobile_inner_width_1_1 sc-mobile_content_align_center sc_content_align_inherit sc_layouts_column_icons_position_left sc_fly_static\" data-id=\"258318b4\" data-element_type=\"column\">\n\t\t\t<div class=\"elementor-widget-wrap elementor-element-populated\">\n\t\t\t\t\t\t<div class=\"elementor-element elementor-element-7392e26 elementor-position-top sc_fly_static elementor-widget elementor-widget-image-box\" data-id=\"7392e26\" data-element_type=\"widget\" data-widget_type=\"image-box.default\">\n\t\t\t\t<div class=\"elementor-widget-container\">\n\t\t\t\t\t<div class=\"elementor-image-box-wrapper\"><figure class=\"elementor-image-box-img\"><img loading=\"lazy\" decoding=\"async\" width=\"100\" height=\"100\" src=\"https:\/\/onnidesign.net\/wp-content\/uploads\/2025\/06\/omm.jpg\" class=\"attachment-full size-full wp-image-4597\" alt=\"\" srcset=\"https:\/\/onnidesign.net\/wp-content\/uploads\/2025\/06\/omm.jpg 100w, https:\/\/onnidesign.net\/wp-content\/uploads\/2025\/06\/omm-90x90.jpg 90w\" sizes=\"(max-width: 100px) 100vw, 100px\" \/><\/figure><div class=\"elementor-image-box-content\"><h5 class=\"elementor-image-box-title\">Odunpazar\u0131 Modern Museum<\/h5><\/div><\/div>\t\t\t\t<\/div>\n\t\t\t\t<\/div>\n\t\t\t\t\t<\/div>\n\t\t<\/div>\n\t\t\t\t<div class=\"elementor-column elementor-col-33 elementor-top-column elementor-element elementor-element-26089d4f sc-tablet_inner_width_1_3 sc-mobile_inner_width_1_1 sc-mobile_content_align_center sc_content_align_inherit sc_layouts_column_icons_position_left sc_fly_static\" data-id=\"26089d4f\" data-element_type=\"column\">\n\t\t\t<div class=\"elementor-widget-wrap elementor-element-populated\">\n\t\t\t\t\t\t<div class=\"elementor-element elementor-element-35e32a90 elementor-position-top sc_fly_static elementor-widget elementor-widget-image-box\" data-id=\"35e32a90\" data-element_type=\"widget\" data-widget_type=\"image-box.default\">\n\t\t\t\t<div class=\"elementor-widget-container\">\n\t\t\t\t\t<div class=\"elementor-image-box-wrapper\"><figure class=\"elementor-image-box-img\"><img loading=\"lazy\" decoding=\"async\" width=\"2560\" height=\"1646\" src=\"https:\/\/onnidesign.net\/wp-content\/uploads\/2025\/06\/GOOD_INN_LOGO_FINAL-1-scaled.jpg\" class=\"attachment-full size-full wp-image-4598\" alt=\"\" srcset=\"https:\/\/onnidesign.net\/wp-content\/uploads\/2025\/06\/GOOD_INN_LOGO_FINAL-1-scaled.jpg 2560w, https:\/\/onnidesign.net\/wp-content\/uploads\/2025\/06\/GOOD_INN_LOGO_FINAL-1-300x193.jpg 300w, https:\/\/onnidesign.net\/wp-content\/uploads\/2025\/06\/GOOD_INN_LOGO_FINAL-1-1024x658.jpg 1024w, https:\/\/onnidesign.net\/wp-content\/uploads\/2025\/06\/GOOD_INN_LOGO_FINAL-1-768x494.jpg 768w, https:\/\/onnidesign.net\/wp-content\/uploads\/2025\/06\/GOOD_INN_LOGO_FINAL-1-1536x987.jpg 1536w, https:\/\/onnidesign.net\/wp-content\/uploads\/2025\/06\/GOOD_INN_LOGO_FINAL-1-2048x1317.jpg 2048w, https:\/\/onnidesign.net\/wp-content\/uploads\/2025\/06\/GOOD_INN_LOGO_FINAL-1-370x238.jpg 370w, https:\/\/onnidesign.net\/wp-content\/uploads\/2025\/06\/GOOD_INN_LOGO_FINAL-1-860x553.jpg 860w, https:\/\/onnidesign.net\/wp-content\/uploads\/2025\/06\/GOOD_INN_LOGO_FINAL-1-425x273.jpg 425w, https:\/\/onnidesign.net\/wp-content\/uploads\/2025\/06\/GOOD_INN_LOGO_FINAL-1-500x321.jpg 500w\" sizes=\"(max-width: 2560px) 100vw, 2560px\" \/><\/figure><div class=\"elementor-image-box-content\"><h5 class=\"elementor-image-box-title\">Good Inn Ankara<\/h5><\/div><\/div>\t\t\t\t<\/div>\n\t\t\t\t<\/div>\n\t\t\t\t\t<\/div>\n\t\t<\/div>\n\t\t\t\t\t<\/div>\n\t\t<\/section>\n\t\t\t\t<section class=\"elementor-section elementor-top-section elementor-element elementor-element-162be40 elementor-section-full_width elementor-section-height-default elementor-section-height-default sc_fly_static\" data-id=\"162be40\" data-element_type=\"section\">\n\t\t\t\t\t\t<div class=\"elementor-container elementor-column-gap-default\">\n\t\t\t\t\t<div class=\"elementor-column elementor-col-33 elementor-top-column elementor-element elementor-element-548b9384 sc-tablet_inner_width_1_3 sc-mobile_inner_width_1_1 sc-mobile_content_align_center sc-mobile_layouts_column_align_center sc_layouts_column sc_content_align_inherit sc_layouts_column_icons_position_left sc_fly_static\" data-id=\"548b9384\" data-element_type=\"column\">\n\t\t\t<div class=\"elementor-widget-wrap elementor-element-populated\">\n\t\t\t\t\t\t<div class=\"elementor-element elementor-element-1f29c7fa elementor-position-top sc_fly_static elementor-widget elementor-widget-image-box\" data-id=\"1f29c7fa\" data-element_type=\"widget\" data-widget_type=\"image-box.default\">\n\t\t\t\t<div class=\"elementor-widget-container\">\n\t\t\t\t\t<div class=\"elementor-image-box-wrapper\"><figure class=\"elementor-image-box-img\"><img loading=\"lazy\" decoding=\"async\" width=\"225\" height=\"225\" src=\"https:\/\/onnidesign.net\/wp-content\/uploads\/2025\/06\/kiaya.png\" class=\"attachment-full size-full wp-image-4599\" alt=\"\" srcset=\"https:\/\/onnidesign.net\/wp-content\/uploads\/2025\/06\/kiaya.png 225w, https:\/\/onnidesign.net\/wp-content\/uploads\/2025\/06\/kiaya-150x150.png 150w, https:\/\/onnidesign.net\/wp-content\/uploads\/2025\/06\/kiaya-90x90.png 90w\" sizes=\"(max-width: 225px) 100vw, 225px\" \/><\/figure><div class=\"elementor-image-box-content\"><h5 class=\"elementor-image-box-title\">Kiaya Store <\/h5><\/div><\/div>\t\t\t\t<\/div>\n\t\t\t\t<\/div>\n\t\t\t\t\t<\/div>\n\t\t<\/div>\n\t\t\t\t<div class=\"elementor-column elementor-col-33 elementor-top-column elementor-element elementor-element-61213823 sc-tablet_inner_width_1_3 sc-mobile_inner_width_1_1 sc-mobile_content_align_center sc_content_align_inherit sc_layouts_column_icons_position_left sc_fly_static\" data-id=\"61213823\" data-element_type=\"column\">\n\t\t\t<div class=\"elementor-widget-wrap elementor-element-populated\">\n\t\t\t\t\t\t<div class=\"elementor-element elementor-element-29994b9b elementor-position-top sc_fly_static elementor-widget elementor-widget-image-box\" data-id=\"29994b9b\" data-element_type=\"widget\" data-widget_type=\"image-box.default\">\n\t\t\t\t<div class=\"elementor-widget-container\">\n\t\t\t\t\t<div class=\"elementor-image-box-wrapper\"><figure class=\"elementor-image-box-img\"><img loading=\"lazy\" decoding=\"async\" width=\"225\" height=\"225\" src=\"https:\/\/onnidesign.net\/wp-content\/uploads\/2025\/06\/melez.png\" class=\"attachment-full size-full wp-image-4600\" alt=\"\" srcset=\"https:\/\/onnidesign.net\/wp-content\/uploads\/2025\/06\/melez.png 225w, https:\/\/onnidesign.net\/wp-content\/uploads\/2025\/06\/melez-150x150.png 150w, https:\/\/onnidesign.net\/wp-content\/uploads\/2025\/06\/melez-90x90.png 90w\" sizes=\"(max-width: 225px) 100vw, 225px\" \/><\/figure><div class=\"elementor-image-box-content\"><h5 class=\"elementor-image-box-title\">Melez Tea <\/h5><\/div><\/div>\t\t\t\t<\/div>\n\t\t\t\t<\/div>\n\t\t\t\t\t<\/div>\n\t\t<\/div>\n\t\t\t\t<div class=\"elementor-column elementor-col-33 elementor-top-column elementor-element elementor-element-25e4277 sc-tablet_inner_width_1_3 sc-mobile_inner_width_1_1 sc-mobile_content_align_center sc_content_align_inherit sc_layouts_column_icons_position_left sc_fly_static\" data-id=\"25e4277\" data-element_type=\"column\">\n\t\t\t<div class=\"elementor-widget-wrap elementor-element-populated\">\n\t\t\t\t\t\t<div class=\"elementor-element elementor-element-59b11b5 elementor-position-top sc_fly_static elementor-widget elementor-widget-image-box\" data-id=\"59b11b5\" data-element_type=\"widget\" data-widget_type=\"image-box.default\">\n\t\t\t\t<div class=\"elementor-widget-container\">\n\t\t\t\t\t<div class=\"elementor-image-box-wrapper\"><figure class=\"elementor-image-box-img\"><img loading=\"lazy\" decoding=\"async\" width=\"1042\" height=\"1042\" src=\"https:\/\/onnidesign.net\/wp-content\/uploads\/2025\/07\/beymen-logo.png\" class=\"attachment-full size-full wp-image-7259\" alt=\"\" srcset=\"https:\/\/onnidesign.net\/wp-content\/uploads\/2025\/07\/beymen-logo.png 1042w, https:\/\/onnidesign.net\/wp-content\/uploads\/2025\/07\/beymen-logo-300x300.png 300w, https:\/\/onnidesign.net\/wp-content\/uploads\/2025\/07\/beymen-logo-1024x1024.png 1024w, https:\/\/onnidesign.net\/wp-content\/uploads\/2025\/07\/beymen-logo-150x150.png 150w, https:\/\/onnidesign.net\/wp-content\/uploads\/2025\/07\/beymen-logo-768x768.png 768w, https:\/\/onnidesign.net\/wp-content\/uploads\/2025\/07\/beymen-logo-370x370.png 370w, https:\/\/onnidesign.net\/wp-content\/uploads\/2025\/07\/beymen-logo-90x90.png 90w, https:\/\/onnidesign.net\/wp-content\/uploads\/2025\/07\/beymen-logo-860x860.png 860w, https:\/\/onnidesign.net\/wp-content\/uploads\/2025\/07\/beymen-logo-425x425.png 425w, https:\/\/onnidesign.net\/wp-content\/uploads\/2025\/07\/beymen-logo-350x350.png 350w, https:\/\/onnidesign.net\/wp-content\/uploads\/2025\/07\/beymen-logo-500x500.png 500w\" sizes=\"(max-width: 1042px) 100vw, 1042px\" \/><\/figure><div class=\"elementor-image-box-content\"><h5 class=\"elementor-image-box-title\">Zorlu Center Beymen<\/h5><\/div><\/div>\t\t\t\t<\/div>\n\t\t\t\t<\/div>\n\t\t\t\t\t<\/div>\n\t\t<\/div>\n\t\t\t\t\t<\/div>\n\t\t<\/section>\n\t\t\t\t<\/div>\n\t\t","protected":false},"excerpt":{"rendered":"<p>Dot Concept Store Yirmiyedi Kuzguncuk Sak\u0131P Sabanc\u0131 Museum Erimtan Archaeology and Art Museum Odunpazar\u0131 Modern Museum Good Inn Ankara Kiaya Store Melez Tea Zorlu Center Beymen<\/p>\n","protected":false},"author":1,"featured_media":0,"parent":0,"menu_order":0,"comment_status":"closed","ping_status":"closed","template":"","meta":{"footnotes":""},"class_list":["post-6587","page","type-page","status-publish","hentry"],"_links":{"self":[{"href":"https:\/\/onnidesign.net\/en\/wp-json\/wp\/v2\/pages\/6587","targetHints":{"allow":["GET"]}}],"collection":[{"href":"https:\/\/onnidesign.net\/en\/wp-json\/wp\/v2\/pages"}],"about":[{"href":"https:\/\/onnidesign.net\/en\/wp-json\/wp\/v2\/types\/page"}],"author":[{"embeddable":true,"href":"https:\/\/onnidesign.net\/en\/wp-json\/wp\/v2\/users\/1"}],"replies":[{"embeddable":true,"href":"https:\/\/onnidesign.net\/en\/wp-json\/wp\/v2\/comments?post=6587"}],"version-history":[{"count":5,"href":"https:\/\/onnidesign.net\/en\/wp-json\/wp\/v2\/pages\/6587\/revisions"}],"predecessor-version":[{"id":7265,"href":"https:\/\/onnidesign.net\/en\/wp-json\/wp\/v2\/pages\/6587\/revisions\/7265"}],"wp:attachment":[{"href":"https:\/\/onnidesign.net\/en\/wp-json\/wp\/v2\/media?parent=6587"}],"curies":[{"name":"wp","href":"https:\/\/api.w.org\/{rel}","templated":true}]}}