{"id":6589,"date":"2025-06-11T12:01:39","date_gmt":"2025-06-11T09:01:39","guid":{"rendered":"https:\/\/onnidesign.net\/contact\/"},"modified":"2025-07-08T13:24:45","modified_gmt":"2025-07-08T10:24:45","slug":"contact","status":"publish","type":"page","link":"https:\/\/onnidesign.net\/en\/contact\/","title":{"rendered":"Contact"},"content":{"rendered":"\t\t<div data-elementor-type=\"wp-page\" data-elementor-id=\"6589\" class=\"elementor elementor-6589 elementor-4582\">\n\t\t\t\t\t\t<section class=\"elementor-section elementor-top-section elementor-element elementor-element-750fb2 elementor-section-boxed elementor-section-height-default elementor-section-height-default sc_fly_static\" data-id=\"750fb2\" data-element_type=\"section\">\n\t\t\t\t\t\t<div class=\"elementor-container elementor-column-gap-extended\">\n\t\t\t\t\t<div class=\"elementor-column elementor-col-100 elementor-top-column elementor-element elementor-element-27a3c0b2 sc_content_align_inherit sc_layouts_column_icons_position_left sc_fly_static\" data-id=\"27a3c0b2\" data-element_type=\"column\">\n\t\t\t<div class=\"elementor-widget-wrap elementor-element-populated\">\n\t\t\t\t\t\t<div data-animation-type=\"sequental\" data-animation-stagger=\"\" class=\"elementor-element elementor-element-5bc029f4 animated-slow animation_type_sequental sc_fly_static elementor-invisible elementor-widget elementor-widget-trx_sc_icons\" data-id=\"5bc029f4\" data-element_type=\"widget\" data-settings=\"{&quot;_animation&quot;:&quot;fadeIn&quot;}\" data-widget_type=\"trx_sc_icons.default\">\n\t\t\t\t<div class=\"elementor-widget-container\">\n\t\t\t\t\t<div id=\"\" \n\tclass=\"sc_icons sc_icons_modern alter sc_icons_size_small sc_align_left\"><div class=\"sc_icons_columns_wrap sc_item_columns trx_addons_columns_wrap columns_padding_bottom columns_in_single_row\"><div class=\"trx_addons_column-1_3\"><div class=\"sc_icons_wrapper\"><div class=\"sc_icons_item\"><div class=\"sc_icons_icon sc_icon_type_ icon-location\" style=\"color: #D8D8D8\"><span class=\"sc_icon_type_ icon-location\" style=\"color: #D8D8D8\"><\/span><\/div><div class=\"sc_icons_item_details\"><h4 class=\"sc_icons_item_title\"><span>Address<\/span><\/h4><div class=\"sc_icons_item_description\"><span>Altunizade Mahallesi Bayrama\u011fa Sokak No:16 \u00dcsk\u00fcdar\/ISTANBUL<\/span><\/div><\/div><\/div><\/div><\/div><div class=\"trx_addons_column-1_3\"><div class=\"sc_icons_wrapper\"><div class=\"sc_icons_item\"><div class=\"sc_icons_icon sc_icon_type_ icon-phone\" style=\"color: #D8D8D8\"><span class=\"sc_icon_type_ icon-phone\" style=\"color: #D8D8D8\"><\/span><\/div><div class=\"sc_icons_item_details\"><h4 class=\"sc_icons_item_title\"><span>Phone<\/span><\/h4><div class=\"sc_icons_item_description\"><span><a href=\"tel:+905535933460\">+90 553 593 34 60<\/a><\/span><\/div><\/div><\/div><\/div><\/div><div class=\"trx_addons_column-1_3\"><div class=\"sc_icons_wrapper\"><div class=\"sc_icons_item\"><div class=\"sc_icons_icon sc_icon_type_ icon-mail\" style=\"color: #D8D8D8\"><span class=\"sc_icon_type_ icon-mail\" style=\"color: #D8D8D8\"><\/span><\/div><div class=\"sc_icons_item_details\"><h4 class=\"sc_icons_item_title\"><span>E-mail<\/span><\/h4><div class=\"sc_icons_item_description\"><span><a href=\"mailto:info@onnidesign.net\" style=\"  text-transform: lowercase;  \">info@onnidesign.net<\/a><\/span><\/div><\/div><\/div><\/div><\/div><\/div><\/div><!-- \/.sc_icons -->\t\t\t\t<\/div>\n\t\t\t\t<\/div>\n\t\t\t\t\t<\/div>\n\t\t<\/div>\n\t\t\t\t\t<\/div>\n\t\t<\/section>\n\t\t\t\t<section class=\"elementor-section elementor-top-section elementor-element elementor-element-559c5554 elementor-section-boxed elementor-section-height-default elementor-section-height-default sc_fly_static\" data-id=\"559c5554\" data-element_type=\"section\">\n\t\t\t\t\t\t<div class=\"elementor-container elementor-column-gap-extended\">\n\t\t\t\t\t<div class=\"elementor-column elementor-col-100 elementor-top-column elementor-element elementor-element-3998ffc8 sc_content_align_inherit sc_layouts_column_icons_position_left sc_fly_static\" data-id=\"3998ffc8\" data-element_type=\"column\">\n\t\t\t<div class=\"elementor-widget-wrap elementor-element-populated\">\n\t\t\t\t\t\t<div class=\"elementor-element elementor-element-2ba00161 sc_height_medium sc_fly_static elementor-widget elementor-widget-spacer\" data-id=\"2ba00161\" data-element_type=\"widget\" data-widget_type=\"spacer.default\">\n\t\t\t\t<div class=\"elementor-widget-container\">\n\t\t\t\t\t\t\t<div class=\"elementor-spacer\">\n\t\t\t<div class=\"elementor-spacer-inner\"><\/div>\n\t\t<\/div>\n\t\t\t\t\t\t<\/div>\n\t\t\t\t<\/div>\n\t\t\t\t\t<\/div>\n\t\t<\/div>\n\t\t\t\t\t<\/div>\n\t\t<\/section>\n\t\t\t\t<section data-animation-type=\"block\" class=\"elementor-section elementor-top-section elementor-element elementor-element-1be9f12d animated-slow elementor-section-boxed elementor-section-height-default elementor-section-height-default animation_type_block sc_fly_static elementor-invisible\" data-id=\"1be9f12d\" data-element_type=\"section\" data-settings=\"{&quot;animation&quot;:&quot;fadeIn&quot;}\">\n\t\t\t\t\t\t<div class=\"elementor-container elementor-column-gap-extended\">\n\t\t\t\t\t<div class=\"elementor-column elementor-col-100 elementor-top-column elementor-element elementor-element-3b8701b1 sc_content_align_inherit sc_layouts_column_icons_position_left sc_fly_static\" data-id=\"3b8701b1\" data-element_type=\"column\">\n\t\t\t<div class=\"elementor-widget-wrap elementor-element-populated\">\n\t\t\t\t\t\t<div class=\"elementor-element elementor-element-6960d41 sc_fly_static elementor-widget elementor-widget-text-editor\" data-id=\"6960d41\" data-element_type=\"widget\" data-widget_type=\"text-editor.default\">\n\t\t\t\t<div class=\"elementor-widget-container\">\n\t\t\t\t\t\t\t\t\t<iframe src=\"https:\/\/www.google.com\/maps\/embed?pb=!1m18!1m12!1m3!1d3010.241580879762!2d29.039397675818275!3d41.0199703713489!2m3!1f0!2f0!3f0!3m2!1i1024!2i768!4f13.1!3m3!1m2!1s0x14cab7e427c00d65%3A0x7438660cf6b11ca!2sOnni%20Design!5e0!3m2!1str!2str!4v1751970119605!5m2!1str!2str\" width=\"100%\" height=\"450\" style=\"border:0;\" allowfullscreen=\"\" loading=\"lazy\" referrerpolicy=\"no-referrer-when-downgrade\"><\/iframe>\t\t\t\t\t\t\t\t<\/div>\n\t\t\t\t<\/div>\n\t\t\t\t\t<\/div>\n\t\t<\/div>\n\t\t\t\t\t<\/div>\n\t\t<\/section>\n\t\t\t\t<section class=\"elementor-section elementor-top-section elementor-element elementor-element-1078749c elementor-section-boxed elementor-section-height-default elementor-section-height-default sc_fly_static\" data-id=\"1078749c\" data-element_type=\"section\">\n\t\t\t\t\t\t<div class=\"elementor-container elementor-column-gap-extended\">\n\t\t\t\t\t<div class=\"elementor-column elementor-col-100 elementor-top-column elementor-element elementor-element-3aae850b sc_content_align_inherit sc_layouts_column_icons_position_left sc_fly_static\" data-id=\"3aae850b\" data-element_type=\"column\">\n\t\t\t<div class=\"elementor-widget-wrap elementor-element-populated\">\n\t\t\t\t\t\t<div class=\"elementor-element elementor-element-5b2b4a35 sc_height_large sc_fly_static elementor-widget elementor-widget-spacer\" data-id=\"5b2b4a35\" data-element_type=\"widget\" data-widget_type=\"spacer.default\">\n\t\t\t\t<div class=\"elementor-widget-container\">\n\t\t\t\t\t\t\t<div class=\"elementor-spacer\">\n\t\t\t<div class=\"elementor-spacer-inner\"><\/div>\n\t\t<\/div>\n\t\t\t\t\t\t<\/div>\n\t\t\t\t<\/div>\n\t\t\t\t\t<\/div>\n\t\t<\/div>\n\t\t\t\t\t<\/div>\n\t\t<\/section>\n\t\t\t\t<\/div>\n\t\t","protected":false},"excerpt":{"rendered":"<p>Address Altunizade Mahallesi Bayrama\u011fa Sokak No:16 \u00dcsk\u00fcdar\/ISTANBUL Phone +90 553 593 34 60 E-mail info@onnidesign.net<\/p>\n","protected":false},"author":1,"featured_media":0,"parent":0,"menu_order":0,"comment_status":"closed","ping_status":"closed","template":"","meta":{"footnotes":""},"class_list":["post-6589","page","type-page","status-publish","hentry"],"_links":{"self":[{"href":"https:\/\/onnidesign.net\/en\/wp-json\/wp\/v2\/pages\/6589","targetHints":{"allow":["GET"]}}],"collection":[{"href":"https:\/\/onnidesign.net\/en\/wp-json\/wp\/v2\/pages"}],"about":[{"href":"https:\/\/onnidesign.net\/en\/wp-json\/wp\/v2\/types\/page"}],"author":[{"embeddable":true,"href":"https:\/\/onnidesign.net\/en\/wp-json\/wp\/v2\/users\/1"}],"replies":[{"embeddable":true,"href":"https:\/\/onnidesign.net\/en\/wp-json\/wp\/v2\/comments?post=6589"}],"version-history":[{"count":5,"href":"https:\/\/onnidesign.net\/en\/wp-json\/wp\/v2\/pages\/6589\/revisions"}],"predecessor-version":[{"id":7339,"href":"https:\/\/onnidesign.net\/en\/wp-json\/wp\/v2\/pages\/6589\/revisions\/7339"}],"wp:attachment":[{"href":"https:\/\/onnidesign.net\/en\/wp-json\/wp\/v2\/media?parent=6589"}],"curies":[{"name":"wp","href":"https:\/\/api.w.org\/{rel}","templated":true}]}}