{"id":6664,"date":"2025-06-13T10:41:24","date_gmt":"2025-06-13T07:41:24","guid":{"rendered":"https:\/\/onnidesign.net\/payment-and-delivery\/"},"modified":"2025-06-19T08:39:23","modified_gmt":"2025-06-19T05:39:23","slug":"payment-and-delivery","status":"publish","type":"page","link":"https:\/\/onnidesign.net\/en\/payment-and-delivery\/","title":{"rendered":"Payment and Delivery"},"content":{"rendered":"\r\n<h5 class=\"wp-block-heading\"><strong>Payment and Delivery<\/strong><\/h5>\r\n\r\n\r\n\r\n<h6 class=\"wp-block-heading\"><strong>1.\u00d6deme<\/strong><\/h6>\r\n\r\n\r\n\r\n<p>Sitemiz \u00fczerinden her t\u00fcrl\u00fc debit\u202fkart\u0131 ve kredi kart\u0131n\u0131za online tek \u00f6deme ya da taksit imk\u00e2nlar\u0131m\u0131zdan yararlanabilirsiniz. Online \u00f6demelerinizde sipari\u015finiz sonunda kredi kart\u0131n\u0131zdan tutar \u00e7ekim i\u015flemi ger\u00e7ekle\u015fecektir. Muhtemel sipari\u015f iptali veya stok sorunlar\u0131 nedeniyle sipari\u015f iptallerinde kredi kart\u0131n\u0131za para iadesi bankan\u0131za ba\u011fl\u0131 olarak de\u011fi\u015fmektedir.<\/p>\r\n\r\n\r\n\r\n<h6 class=\"wp-block-heading\"><strong>2.Sipari\u015f Bedeli \u0130adesi <\/strong><\/h6>\r\n\r\n\r\n\r\n<p>Sipari\u015flerinizin olas\u0131 sebeplerle iptali durumunda; onnidesign.net sipari\u015f iptali bildirimi ile iade i\u015flemlerini ba\u015flat\u0131r. Sipari\u015f bedelinin hesab\u0131n\u0131za yatma s\u00fcresi bankan\u0131za ba\u011fl\u0131 olarak de\u011fi\u015fmektedir.<\/p>\r\n\r\n\r\n\r\n<h6 class=\"wp-block-heading\"><strong>3.Teslimat<\/strong><\/h6>\r\n\r\n\r\n\r\n<p>Se\u00e7mi\u015f oldu\u011funuz \u00fcr\u00fcnler stoklar\u0131m\u0131zda var ise ayn\u0131 g\u00fcn i\u00e7erisinde kargoya verilir. Stokta olmayan \u00fcr\u00fcnler size \u00f6zel olarak \u00fcretilerek 15 i\u015f g\u00fcn\u00fc i\u00e7erisinde kargoya verilmektedir.<\/p>\r\n\r\n\r\n\r\n<p>\u00dcr\u00fcn teslimat\u0131n\u0131n aksamadan ger\u00e7ekle\u015ftirilebilmesi i\u00e7in l\u00fctfen g\u00fcn i\u00e7inde bulundu\u011funuz yerin adresini teslimat adresi olarak bildiriniz.<\/p>\r\n\r\n\r\n\r\n<p>Talepleriniz sipari\u015f sonunda belirlemi\u015f oldu\u011funuz teslimat tipine g\u00f6re haz\u0131rlanmak \u00fczere i\u015fleme al\u0131nacakt\u0131r. \u0130stanbul merkezli \u015firketimizden \u00fcr\u00fcnler Yurti\u00e7i Kargo kargo firmas\u0131yla g\u00f6nderilecektir.<\/p>\r\n\r\n\r\n\r\n<p>M\u00fc\u015fteri temsilcimize dan\u0131\u015farak de\u011fi\u015fik teslimat \u015fartlar\u0131 konusunda g\u00f6r\u00fc\u015febilirsiniz. Ayr\u0131ca kargo teslimatlar\u0131 sadece T\u00fcrkiye i\u00e7in ge\u00e7erlidir.<\/p>\r\n\r\n\r\n\r\n<h6 class=\"wp-block-heading\"><strong>4.\u00d6deme Takibi<\/strong><\/h6>\r\n\r\n\r\n\r\n<p>S\u00f6z konusu sistem herhangi bir sorun nedeni ile i\u015flemi ger\u00e7ekle\u015ftiremiyorsa \u00f6deme sayfas\u0131 sonucunda ziyaret\u00e7imiz bu durumdan haberdar edilmektedir.<\/p>\r\n\r\n\r\n\r\n<p>Belirtilen adreste herhangi bir hata durumunda teslimat\u0131 ger\u00e7ekle\u015femeyen sipari\u015f ile ilgili olarak sipari\u015fi veren ile ba\u011flant\u0131 kurulmaktad\u0131r.<\/p>\r\n\r\n\r\n\r\n<p>Ziyaret\u00e7imiz taraf\u0131ndan belirtilen e-posta adresinin ge\u00e7erlili\u011fi sipari\u015fin aktar\u0131lmas\u0131n\u0131 takiben g\u00f6nderilen otomatik e-posta ile teyit edilmektedir.<\/p>\r\n\r\n\r\n\r\n<p><strong>!L\u00fctfen dikkat ediniz! <\/strong><\/p>\r\n\r\n\r\n\r\n<p>Sevkiyat s\u0131ras\u0131nda zarar g\u00f6rd\u00fc\u011f\u00fcn\u00fc d\u00fc\u015f\u00fcnd\u00fc\u011f\u00fcn\u00fcz paketleri, teslim ald\u0131\u011f\u0131n\u0131z firma yetkilisi \u00f6n\u00fcnde a\u00e7\u0131p kontrol ediniz. E\u011fer \u00fcr\u00fcnde herhangi bir zarar oldu\u011funu d\u00fc\u015f\u00fcn\u00fcyorsan\u0131z kargo firmas\u0131na tutanak tutturularak \u00fcr\u00fcn\u00fc teslim almay\u0131n\u0131z.<\/p>\r\n\r\n\r\n\r\n<p>\u00dcr\u00fcn teslim al\u0131nd\u0131ktan sonra kargo firmas\u0131n\u0131n g\u00f6revini tam olarak yerine getirdi\u011fi kabul edilmektedir.<\/p>\r\n\r\n\r\n\r\n<p>\u00dcr\u00fcn hasarl\u0131 ise: Haz\u0131rlam\u0131\u015f oldu\u011funuz tutana\u011f\u0131n g\u00f6r\u00fcnt\u00fcs\u00fcn\u00fc en k\u0131sa zamanda <strong><a href=\"mailto:info@onnidesign.net\">info@onnidesign.net<\/a><\/strong> mail adresine bildiriniz.<\/p>\r\n\r\n\r\n\r\n<p>Bu i\u015flemleri ger\u00e7ekle\u015ftirdi\u011finiz takdirde paketiniz ile ilgili \u00e7al\u0131\u015fmalara ba\u015flayarak, en k\u0131sa zamanda teslimat\u0131n tekrarlanmas\u0131n\u0131 sa\u011flayaca\u011f\u0131z.<\/p>\r\n\r\n\r\n\r\n<p>Bu e-posta i\u00e7inde \u00fcr\u00fcn\u00fc neden iade etmek istedi\u011finizi k\u0131saca a\u00e7\u0131klarsan\u0131z \u00fcr\u00fcn ile ilgili \u00e7al\u0131\u015fmalar\u0131m\u0131zda bize yard\u0131mc\u0131 olmu\u015f olursunuz.<\/p>\r\n","protected":false},"excerpt":{"rendered":"<p>Payment and Delivery 1.\u00d6deme Sitemiz \u00fczerinden her t\u00fcrl\u00fc debit\u202fkart\u0131 ve kredi kart\u0131n\u0131za online tek \u00f6deme ya da taksit imk\u00e2nlar\u0131m\u0131zdan yararlanabilirsiniz. Online \u00f6demelerinizde sipari\u015finiz sonunda kredi kart\u0131n\u0131zdan tutar \u00e7ekim i\u015flemi ger\u00e7ekle\u015fecektir. Muhtemel sipari\u015f iptali veya stok sorunlar\u0131 nedeniyle sipari\u015f iptallerinde kredi&hellip;<\/p>\n","protected":false},"author":1,"featured_media":0,"parent":0,"menu_order":0,"comment_status":"closed","ping_status":"closed","template":"","meta":{"footnotes":""},"class_list":["post-6664","page","type-page","status-publish","hentry"],"_links":{"self":[{"href":"https:\/\/onnidesign.net\/en\/wp-json\/wp\/v2\/pages\/6664","targetHints":{"allow":["GET"]}}],"collection":[{"href":"https:\/\/onnidesign.net\/en\/wp-json\/wp\/v2\/pages"}],"about":[{"href":"https:\/\/onnidesign.net\/en\/wp-json\/wp\/v2\/types\/page"}],"author":[{"embeddable":true,"href":"https:\/\/onnidesign.net\/en\/wp-json\/wp\/v2\/users\/1"}],"replies":[{"embeddable":true,"href":"https:\/\/onnidesign.net\/en\/wp-json\/wp\/v2\/comments?post=6664"}],"version-history":[{"count":3,"href":"https:\/\/onnidesign.net\/en\/wp-json\/wp\/v2\/pages\/6664\/revisions"}],"predecessor-version":[{"id":6744,"href":"https:\/\/onnidesign.net\/en\/wp-json\/wp\/v2\/pages\/6664\/revisions\/6744"}],"wp:attachment":[{"href":"https:\/\/onnidesign.net\/en\/wp-json\/wp\/v2\/media?parent=6664"}],"curies":[{"name":"wp","href":"https:\/\/api.w.org\/{rel}","templated":true}]}}