{"id":6860,"date":"2025-06-11T13:04:21","date_gmt":"2025-06-11T10:04:21","guid":{"rendered":"https:\/\/onnidesign.net\/product\/onni-x-formseek-serpentine-collection\/"},"modified":"2025-06-11T13:04:21","modified_gmt":"2025-06-11T10:04:21","slug":"onni-x-formseek-serpentine-collection","status":"publish","type":"product","link":"https:\/\/onnidesign.net\/en\/product\/onni-x-formseek-serpentine-collection\/","title":{"rendered":"Onni x Form&amp;Seek \/ SERPENTINE COLLECTION"},"content":{"rendered":"","protected":false},"excerpt":{"rendered":"<ul>\n<li>Onni__Form&amp;seek i\u015f birli\u011fi \u00f6zel \u00fcr\u00fcn.<\/li>\n<li>Serving Plate<\/li>\n<li>Material: Limoges Porcelain<\/li>\n<li>Suitable for food contact, hot and cold use.<\/li>\n<li>Dishwasher safe.<\/li>\n<li>Inner surface: glossy transparent glaze. Outer surface: silky smooth matte unglazed.<\/li>\n<li>Diameter : 25cm<\/li>\n<li>Height : 1cm<\/li>\n<\/ul>\n","protected":false},"featured_media":6480,"template":"","meta":[],"product_brand":[],"product_cat":[448,449],"product_tag":[572,573,584,585,586,574,575,576,577,579,587],"class_list":{"0":"post-6860","1":"product","2":"type-product","3":"status-publish","4":"has-post-thumbnail","6":"product_cat-dinnerware","7":"product_cat-plate","8":"product_tag-ceramics-en","9":"product_tag-coffeecup-en","10":"product_tag-colorful-en","11":"product_tag-espresso-en","12":"product_tag-glass-en","13":"product_tag-glassware-en","14":"product_tag-handmade-en","15":"product_tag-kitchen-en","16":"product_tag-porcelain-en","17":"product_tag-pottery-en","18":"product_tag-turkishcoffee-en","19":"product_shipping_class-fragile-en","21":"first","22":"outofstock","23":"taxable","24":"shipping-taxable","25":"purchasable","26":"product-type-variable","27":"has-default-attributes"},"_links":{"self":[{"href":"https:\/\/onnidesign.net\/en\/wp-json\/wp\/v2\/product\/6860","targetHints":{"allow":["GET"]}}],"collection":[{"href":"https:\/\/onnidesign.net\/en\/wp-json\/wp\/v2\/product"}],"about":[{"href":"https:\/\/onnidesign.net\/en\/wp-json\/wp\/v2\/types\/product"}],"version-history":[{"count":0,"href":"https:\/\/onnidesign.net\/en\/wp-json\/wp\/v2\/product\/6860\/revisions"}],"wp:featuredmedia":[{"embeddable":true,"href":"https:\/\/onnidesign.net\/en\/wp-json\/wp\/v2\/media\/6480"}],"wp:attachment":[{"href":"https:\/\/onnidesign.net\/en\/wp-json\/wp\/v2\/media?parent=6860"}],"wp:term":[{"taxonomy":"product_brand","embeddable":true,"href":"https:\/\/onnidesign.net\/en\/wp-json\/wp\/v2\/product_brand?post=6860"},{"taxonomy":"product_cat","embeddable":true,"href":"https:\/\/onnidesign.net\/en\/wp-json\/wp\/v2\/product_cat?post=6860"},{"taxonomy":"product_tag","embeddable":true,"href":"https:\/\/onnidesign.net\/en\/wp-json\/wp\/v2\/product_tag?post=6860"}],"curies":[{"name":"wp","href":"https:\/\/api.w.org\/{rel}","templated":true}]}}